{"id":829,"date":"2022-07-26T14:52:55","date_gmt":"2022-07-26T14:52:55","guid":{"rendered":"https:\/\/dogspace.apps.lu\/que-signifie-dogspace\/"},"modified":"2022-12-14T17:14:28","modified_gmt":"2022-12-14T17:14:28","slug":"que-signifie-dogspace","status":"publish","type":"page","link":"https:\/\/dogspace.lu\/fr\/que-signifie-dogspace\/","title":{"rendered":"Que signifie Dogspace?"},"content":{"rendered":"<p>[et_pb_section fb_built=\u00a0\u00bb1&Prime; next_background_color=\u00a0\u00bb#ffffff\u00a0\u00bb admin_label=\u00a0\u00bbHeader\u00a0\u00bb _builder_version=\u00a0\u00bb4.17.4&Prime; _module_preset=\u00a0\u00bbdefault\u00a0\u00bb background_color=\u00a0\u00bb#FFFFFF\u00a0\u00bb use_background_color_gradient=\u00a0\u00bbon\u00a0\u00bb background_color_gradient_stops=\u00a0\u00bbrgba(41,128,60,0.54) 0%|rgba(53,170,79,0.73) 100%\u00a0\u00bb background_color_gradient_overlays_image=\u00a0\u00bbon\u00a0\u00bb background_image=\u00a0\u00bbhttps:\/\/dogspace.lu\/wp-content\/uploads\/2022\/07\/IMG-4341.jpg\u00a0\u00bb background_repeat=\u00a0\u00bbrepeat\u00a0\u00bb overflow-x=\u00a0\u00bbhidden\u00a0\u00bb overflow-y=\u00a0\u00bbhidden\u00a0\u00bb custom_padding=\u00a0\u00bb||||false|false\u00a0\u00bb bottom_divider_style=\u00a0\u00bbcurve\u00a0\u00bb background_last_edited=\u00a0\u00bboff|desktop\u00a0\u00bb parallax_tablet=\u00a0\u00bboff\u00a0\u00bb custom_css_main_element=\u00a0\u00bbbackground-image: url(%22data:image\/svg+xml,<svg id='patternId' width='100%' height='100%' xmlns='http:\/\/www.w3.org\/2000\/svg'><defs><pattern id='a' patternUnits='userSpaceOnUse' width='60' height='60' patternTransform='scale(2) rotate(30)'><rect x='0' y='0' width='100%' height='100%' fill='hsla(0,0%,100%,1)'\/><path d='M0 0v19.563c3.22 0 5.766-1.242 7.008-4.829 1.034-3.103.417-5.793-1.653-8C3.337 4.716 2.495 2.313 2.527 0H0zm57.473 0c-.001 2.395-.95 4.806-2.88 6.873-2.068 2.207-2.62 5.105-1.585 8.209.896 2.69 3.757 4.48 6.992 4.48V0h-2.527zM30 10.438c-3.235 0-6.096 1.79-6.992 4.48-1.035 3.104-.483 6.002 1.586 8.209 1.93 2.067 2.877 4.478 2.879 6.873-.001 2.395-.95 4.806-2.88 6.873-2.068 2.207-2.62 5.105-1.585 8.209.896 2.69 3.757 4.48 6.992 4.48 3.22 0 5.766-1.241 7.008-4.828 1.034-3.103.417-5.793-1.653-8-2.018-2.018-2.86-4.421-2.828-6.734-.033-2.313.81-4.716 2.828-6.734 1.294-1.38 2.019-2.948 2.13-4.688.066-1.044-.09-2.15-.477-3.314-1.242-3.587-3.787-4.826-7.008-4.826zm30 30c-3.235 0-6.096 1.79-6.992 4.48-1.035 3.104-.483 6.002 1.586 8.209 1.93 2.067 2.877 4.478 2.879 6.873H60V40.437zm-60 .001V60h2.527c-.033-2.313.81-4.716 2.828-6.734 1.294-1.38 2.019-2.948 2.13-4.688.066-1.044-.09-2.15-.477-3.314C5.766 41.677 3.22 40.439 0 40.439z'  stroke-width='1' stroke='none' fill='hsla(259, 0%, 89%, 1)'\/><path d='M10.438 0c0 3.22 1.241 5.766 4.828 7.008 3.103 1.034 5.793.417 8-1.653 2.018-2.018 4.421-2.86 6.734-2.828 2.313-.033 4.716.81 6.734 2.828 1.38 1.294 2.948 2.019 4.688 2.13 1.044.066 2.15-.09 3.314-.477C48.323 5.766 49.562 3.22 49.562 0zm1.265 22.51c-1.8.09-3.45.79-4.83 2.084C4.806 26.524 2.395 27.47 0 27.473v5.054c2.313-.033 4.716.81 6.734 2.828 1.38 1.294 2.948 2.019 4.688 2.13 1.044.066 2.15-.09 3.314-.477 3.587-1.242 4.827-3.787 4.827-7.008 0-3.235-1.791-6.096-4.481-6.992-1.164-.388-2.298-.553-3.379-.498zm35.776 0a9.62 9.62 0 00-2.561.498c-2.69.896-4.48 3.757-4.48 6.992 0 3.22 1.241 5.766 4.828 7.008 3.103 1.034 5.793.417 8-1.653 2.018-2.018 4.421-2.86 6.734-2.828v-5.054c-2.395-.001-4.806-.95-6.873-2.88-1.38-1.292-3.027-1.992-4.828-2.083a8.191 8.191 0 00-.82 0zm-30 30a9.62 9.62 0 00-2.561.498c-2.69.896-4.48 3.757-4.48 6.992h39.124c0-3.235-1.79-6.096-4.48-6.992-3.104-1.035-6.002-.483-8.209 1.586-2.067 1.93-4.478 2.877-6.873 2.879-2.395-.001-4.806-.95-6.873-2.88-1.38-1.292-3.027-1.992-4.828-2.083a8.191 8.191 0 00-.82 0z'  stroke-width='1' stroke='none' fill='hsla(122, 39%, 49%, 0.19)'\/><\/pattern><\/defs><rect width='800%' height='800%' transform='translate(-42,-144)' fill='url(%23a)'\/><\/svg>%22)\u00a0\u00bb global_colors_info=\u00a0\u00bb{}\u00a0\u00bb][et_pb_row _builder_version=\u00a0\u00bb4.17.4&Prime; _module_preset=\u00a0\u00bbdefault\u00a0\u00bb background_enable_color=\u00a0\u00bboff\u00a0\u00bb custom_margin_tablet=\u00a0\u00bb||-10vw||false|false\u00a0\u00bb custom_margin_last_edited=\u00a0\u00bboff|desktop\u00a0\u00bb global_colors_info=\u00a0\u00bb{}\u00a0\u00bb][et_pb_column type=\u00a0\u00bb4_4&Prime; _builder_version=\u00a0\u00bb4.16&Prime; _module_preset=\u00a0\u00bbdefault\u00a0\u00bb custom_padding=\u00a0\u00bb5vw||\u00a0\u00bb global_colors_info=\u00a0\u00bb{}\u00a0\u00bb][et_pb_text _builder_version=\u00a0\u00bb4.17.4&Prime; _dynamic_attributes=\u00a0\u00bbcontent\u00a0\u00bb _module_preset=\u00a0\u00bbdefault\u00a0\u00bb text_font=\u00a0\u00bb||||||||\u00a0\u00bb text_font_size=\u00a0\u00bb24px\u00a0\u00bb text_line_height=\u00a0\u00bb1.8em\u00a0\u00bb header_font=\u00a0\u00bbSource Sans Pro|700|||||||\u00a0\u00bb header_text_color=\u00a0\u00bb#fcfffc\u00a0\u00bb header_font_size=\u00a0\u00bb100px\u00a0\u00bb header_line_height=\u00a0\u00bb1.2em\u00a0\u00bb text_orientation=\u00a0\u00bbcenter\u00a0\u00bb text_font_size_tablet=\u00a0\u00bb\u00a0\u00bb text_font_size_phone=\u00a0\u00bb22px\u00a0\u00bb text_font_size_last_edited=\u00a0\u00bbon|desktop\u00a0\u00bb header_font_size_tablet=\u00a0\u00bb80px\u00a0\u00bb header_font_size_phone=\u00a0\u00bb60px\u00a0\u00bb header_font_size_last_edited=\u00a0\u00bbon|phone\u00a0\u00bb background_last_edited=\u00a0\u00bbon|tablet\u00a0\u00bb background_enable_color_tablet=\u00a0\u00bboff\u00a0\u00bb global_colors_info=\u00a0\u00bb{}\u00a0\u00bb]@ET-DC@eyJkeW5hbWljIjp0cnVlLCJjb250ZW50IjoicG9zdF90aXRsZSIsInNldHRpbmdzIjp7ImJlZm9yZSI6IjxoMT4iLCJhZnRlciI6IiJ9fQ==@[\/et_pb_text][difl_imagecarousel _builder_version=\u00a0\u00bb4.17.4&Prime; _module_preset=\u00a0\u00bbdefault\u00a0\u00bb global_colors_info=\u00a0\u00bb{}\u00a0\u00bb][\/difl_imagecarousel][\/et_pb_column][\/et_pb_row][\/et_pb_section][et_pb_section fb_built=\u00a0\u00bb1&Prime; _builder_version=\u00a0\u00bb4.17.4&Prime; _module_preset=\u00a0\u00bbdefault\u00a0\u00bb custom_padding=\u00a0\u00bb||0px|||\u00a0\u00bb global_colors_info=\u00a0\u00bb{}\u00a0\u00bb][et_pb_row _builder_version=\u00a0\u00bb4.17.4&Prime; _module_preset=\u00a0\u00bbdefault\u00a0\u00bb global_colors_info=\u00a0\u00bb{}\u00a0\u00bb][et_pb_column type=\u00a0\u00bb4_4&Prime; _builder_version=\u00a0\u00bb4.17.4&Prime; _module_preset=\u00a0\u00bbdefault\u00a0\u00bb global_colors_info=\u00a0\u00bb{}\u00a0\u00bb][dsm_icon_divider use_icon=\u00a0\u00bbon\u00a0\u00bb font_icon=\u00a0\u00bb&#xf1b0;||fa||900&Prime; icon_color=\u00a0\u00bbRGBA(53,170,79,0.73)\u00a0\u00bb _builder_version=\u00a0\u00bb4.17.4&Prime; _module_preset=\u00a0\u00bbdefault\u00a0\u00bb global_colors_info=\u00a0\u00bb{}\u00a0\u00bb][\/dsm_icon_divider][et_pb_text _builder_version=\u00a0\u00bb4.17.4&Prime; _module_preset=\u00a0\u00bbdefault\u00a0\u00bb text_font=\u00a0\u00bbSource Sans Pro||||||||\u00a0\u00bb text_font_size=\u00a0\u00bb18px\u00a0\u00bb text_orientation=\u00a0\u00bbjustified\u00a0\u00bb global_colors_info=\u00a0\u00bb{}\u00a0\u00bb]<\/p>\n<p><strong>Le nom est apparu parce que je cherchais un espace qui conviendrait le mieux \u00e0 ma future profession.<\/strong><\/p>\n<p>&nbsp;<\/p>\n<p><strong><span style=\"font-size: x-large;\">Pourquoi ce m\u00e9tier ?<\/span><\/strong><\/p>\n<p><strong><\/strong> Pourtant, les animaux me fascinent depuis l&rsquo;enfance et d\u00e8s 2019, il \u00e9tait clair que je voulais changer d&rsquo;orientation professionnelle et j&rsquo;ai plong\u00e9 dans ma nouvelle passion en 2019 &#8211; 2020 et j&rsquo;ai termin\u00e9 mon dipl\u00f4me <em>Grooming (<\/em><span><em>pratique<\/em><\/span><em> du brossage et du nettoyage du pelage d&rsquo;un<\/em> animal) .<\/p>\n<p>Maintenant je suis l&rsquo;heureuse propri\u00e9taire de DogSpace depuis novembre 2021 et il s&rsquo;av\u00e8re que c&rsquo;est la meilleure chose qui pouvait arriver et que j&rsquo;y suis enfin arriv\u00e9e.<\/p>\n<p>\u00catre l\u00e0 tous les jours, prendre soin de mes chiens et leur servir une bonne coupe est ce qui me passionne aujourd\u2019hui et ce pour quoi je vis. Au d\u00e9but, ce n\u2019\u00e9tait pas si facile et c\u2019\u00e9tait un d\u00e9fi que j\u2019ai appris chaque jour de chien en chien.<\/p>\n<p>J&rsquo;esp\u00e8re vous accueillir dans mon salon et passer un bon moment avec votre chien.<\/p>\n<p>[\/et_pb_text][et_pb_text _builder_version=\u00a0\u00bb4.17.4&Prime; _module_preset=\u00a0\u00bbdefault\u00a0\u00bb text_font=\u00a0\u00bbKalam|700|||||||\u00a0\u00bb text_font_size=\u00a0\u00bb22px\u00a0\u00bb global_colors_info=\u00a0\u00bb{}\u00a0\u00bb]<\/p>\n<p>Caroline<\/p>\n<p>[\/et_pb_text][dsm_icon_divider use_icon=\u00a0\u00bbon\u00a0\u00bb font_icon=\u00a0\u00bb&#xf5d7;||fa||900&Prime; icon_color=\u00a0\u00bbRGBA(53,170,79,0.73)\u00a0\u00bb _builder_version=\u00a0\u00bb4.17.4&Prime; _module_preset=\u00a0\u00bbdefault\u00a0\u00bb global_colors_info=\u00a0\u00bb{}\u00a0\u00bb][\/dsm_icon_divider][\/et_pb_column][\/et_pb_row][\/et_pb_section][et_pb_section fb_built=\u00a0\u00bb1&Prime; _builder_version=\u00a0\u00bb4.17.4&Prime; _module_preset=\u00a0\u00bbdefault\u00a0\u00bb custom_padding=\u00a0\u00bb0px||0px|||\u00a0\u00bb global_colors_info=\u00a0\u00bb{}\u00a0\u00bb][et_pb_row _builder_version=\u00a0\u00bb4.17.6&Prime; _module_preset=\u00a0\u00bbdefault\u00a0\u00bb width=\u00a0\u00bb100%\u00a0\u00bb max_width=\u00a0\u00bb100%\u00a0\u00bb global_colors_info=\u00a0\u00bb{}\u00a0\u00bb][et_pb_column type=\u00a0\u00bb4_4&Prime; _builder_version=\u00a0\u00bb4.17.4&Prime; _module_preset=\u00a0\u00bbdefault\u00a0\u00bb global_colors_info=\u00a0\u00bb{}\u00a0\u00bb][dsm_masonry_gallery gallery_ids=\u00a0\u00bb63,61,57,42,53,36,43,30&Prime; columns=\u00a0\u00bb8&Prime; gutter=\u00a0\u00bb0&Prime; use_lightbox=\u00a0\u00bbon\u00a0\u00bb columns_tablet=\u00a0\u00bb4&Prime; columns_phone=\u00a0\u00bb4&Prime; columns_last_edited=\u00a0\u00bbon|tablet\u00a0\u00bb _builder_version=\u00a0\u00bb4.17.6&Prime; _module_preset=\u00a0\u00bbdefault\u00a0\u00bb global_colors_info=\u00a0\u00bb{}\u00a0\u00bb][\/dsm_masonry_gallery][\/et_pb_column][\/et_pb_row][\/et_pb_section]<\/p>\n","protected":false},"excerpt":{"rendered":"<p><div class=\"et_pb_module difl_imagecarousel difl_imagecarousel_0\">\n\t\t\t\t\n\t\t\t\t\n\t\t\t\t\n\t\t\t\t\n\t\t\t\t\n\t\t\t\t\n\t\t\t\t<div class=\"et_pb_module_inner\">\n\t\t\t\t\t<div class=\"df_ic_container\" data-settings='{\"effect\":\"slide\",\"desktop\":\"4\",\"tablet\":\"3\",\"mobile\":\"1\",\"variable_width\":\"off\",\"loop\":false,\"item_spacing\":\"30px\",\"item_spacing_tablet\":\"\",\"item_spacing_phone\":\"\",\"arrow\":\"off\",\"dots\":\"off\",\"autoplay\":\"off\",\"auto_delay\":\"2000\",\"speed\":\"500\",\"pause_hover\":\"off\",\"centeredSlides\":\"off\",\"order\":\"0\",\"use_lightbox\":\"off\",\"use_lightbox_caption\":\"off\"}' data-item=\"4\" data-itemtablet=\"3\" data-itemphone=\"1\">\r\n                <div class=\"df_ic_inner_wrapper\">\r\n                    <div class=\"swiper-container\">\r\n                        <div class=\"swiper-wrapper\">\r\n                            \r\n                        <\/div>\r\n                    <\/div>\r\n                    \r\n                <\/div>\r\n                \r\n            <\/div>\n\t\t\t\t<\/div>\n\t\t\t<\/div><div class=\"et_pb_module dsm_icon_divider dsm_icon_divider_0\">\n\t\t\t\t\n\t\t\t\t\n\t\t\t\t\n\t\t\t\t\n\t\t\t\t\n\t\t\t\t\n\t\t\t\t<div class=\"et_pb_module_inner\">\n\t\t\t\t\t<div class=\"dsm-icon-divider-wrapper dsm-icon-divider-align-center\">\n\t\t\t\t\n\t\t\t\t\n\t\t\t\t<div class=\"dsm-icon-divider-before dsm-divider\"><\/div>\n\t\t\t\t<div class=\"dsm-icon-divider-image\"><span class=\"dsm-icon-divider-image-wrap\"><span class=\"et-pb-icon\" style=\"color: RGBA(53,170,79,0.73);\">&#xf1b0;<\/span><\/span><\/div>\n\t\t\t\t<div class=\"dsm-icon-divider-after dsm-divider\"><\/div>\n\t\t\t<\/div>\n\t\t\t\t<\/div>\n\t\t\t<\/div>Le nom est apparu parce que je cherchais un espace qui conviendrait le mieux \u00e0 ma future profession. &nbsp; Pourquoi ce m\u00e9tier ? Pourtant, les animaux me fascinent depuis l&rsquo;enfance et d\u00e8s 2019, il \u00e9tait clair que je voulais changer d&rsquo;orientation professionnelle et j&rsquo;ai plong\u00e9 dans [&hellip;]<\/p>\n","protected":false},"author":1,"featured_media":0,"parent":0,"menu_order":0,"comment_status":"closed","ping_status":"closed","template":"","meta":{"_et_pb_use_builder":"on","_et_pb_old_content":"","_et_gb_content_width":"","footnotes":""},"class_list":["post-829","page","type-page","status-publish","hentry"],"yoast_head":"<!-- This site is optimized with the Yoast SEO plugin v19.12 - https:\/\/yoast.com\/wordpress\/plugins\/seo\/ -->\n<title>Que signifie Dogspace? - Dogspace<\/title>\n<meta name=\"robots\" content=\"index, follow, max-snippet:-1, max-image-preview:large, max-video-preview:-1\" \/>\n<link rel=\"canonical\" href=\"https:\/\/dogspace.lu\/fr\/que-signifie-dogspace\/\" \/>\n<meta property=\"og:locale\" content=\"fr_FR\" \/>\n<meta property=\"og:type\" content=\"article\" \/>\n<meta property=\"og:title\" content=\"Que signifie Dogspace? - Dogspace\" \/>\n<meta property=\"og:description\" content=\"Le nom est apparu parce que je cherchais un espace qui conviendrait le mieux \u00e0 ma future profession. &nbsp; Pourquoi ce m\u00e9tier ? Pourtant, les animaux me fascinent depuis l&#039;enfance et d\u00e8s 2019, il \u00e9tait clair que je voulais changer d&#039;orientation professionnelle et j&#039;ai plong\u00e9 dans [&hellip;]\" \/>\n<meta property=\"og:url\" content=\"https:\/\/dogspace.lu\/fr\/que-signifie-dogspace\/\" \/>\n<meta property=\"og:site_name\" content=\"Dogspace\" \/>\n<meta property=\"article:publisher\" content=\"https:\/\/www.facebook.com\/DogSpaceLux\/\" \/>\n<meta property=\"article:modified_time\" content=\"2022-12-14T17:14:28+00:00\" \/>\n<meta name=\"twitter:card\" content=\"summary_large_image\" \/>\n<meta name=\"twitter:label1\" content=\"Dur\u00e9e de lecture estim\u00e9e\" \/>\n\t<meta name=\"twitter:data1\" content=\"3 minutes\" \/>\n<script type=\"application\/ld+json\" class=\"yoast-schema-graph\">{\"@context\":\"https:\/\/schema.org\",\"@graph\":[{\"@type\":\"WebPage\",\"@id\":\"https:\/\/dogspace.lu\/fr\/que-signifie-dogspace\/\",\"url\":\"https:\/\/dogspace.lu\/fr\/que-signifie-dogspace\/\",\"name\":\"Que signifie Dogspace? - Dogspace\",\"isPartOf\":{\"@id\":\"https:\/\/dogspace.lu\/#website\"},\"datePublished\":\"2022-07-26T14:52:55+00:00\",\"dateModified\":\"2022-12-14T17:14:28+00:00\",\"breadcrumb\":{\"@id\":\"https:\/\/dogspace.lu\/fr\/que-signifie-dogspace\/#breadcrumb\"},\"inLanguage\":\"fr-FR\",\"potentialAction\":[{\"@type\":\"ReadAction\",\"target\":[\"https:\/\/dogspace.lu\/fr\/que-signifie-dogspace\/\"]}]},{\"@type\":\"BreadcrumbList\",\"@id\":\"https:\/\/dogspace.lu\/fr\/que-signifie-dogspace\/#breadcrumb\",\"itemListElement\":[{\"@type\":\"ListItem\",\"position\":1,\"name\":\"Home\",\"item\":\"https:\/\/dogspace.lu\/fr\/\"},{\"@type\":\"ListItem\",\"position\":2,\"name\":\"Que signifie Dogspace?\"}]},{\"@type\":\"WebSite\",\"@id\":\"https:\/\/dogspace.lu\/#website\",\"url\":\"https:\/\/dogspace.lu\/\",\"name\":\"Dogspace\",\"description\":\"Muppecoiffer - Salon de toilettage\",\"publisher\":{\"@id\":\"https:\/\/dogspace.lu\/#organization\"},\"potentialAction\":[{\"@type\":\"SearchAction\",\"target\":{\"@type\":\"EntryPoint\",\"urlTemplate\":\"https:\/\/dogspace.lu\/?s={search_term_string}\"},\"query-input\":\"required name=search_term_string\"}],\"inLanguage\":\"fr-FR\"},{\"@type\":\"Organization\",\"@id\":\"https:\/\/dogspace.lu\/#organization\",\"name\":\"Dogspace\",\"url\":\"https:\/\/dogspace.lu\/\",\"logo\":{\"@type\":\"ImageObject\",\"inLanguage\":\"fr-FR\",\"@id\":\"https:\/\/dogspace.lu\/#\/schema\/logo\/image\/\",\"url\":\"https:\/\/dogspace.lu\/wp-content\/uploads\/2022\/07\/dogspace-logo-scaled.jpg\",\"contentUrl\":\"https:\/\/dogspace.lu\/wp-content\/uploads\/2022\/07\/dogspace-logo-scaled.jpg\",\"width\":2560,\"height\":1739,\"caption\":\"Dogspace\"},\"image\":{\"@id\":\"https:\/\/dogspace.lu\/#\/schema\/logo\/image\/\"},\"sameAs\":[\"https:\/\/www.instagram.com\/dogspacelux\/\",\"https:\/\/www.facebook.com\/DogSpaceLux\/\"]}]}<\/script>\n<!-- \/ Yoast SEO plugin. -->","yoast_head_json":{"title":"Que signifie Dogspace? - Dogspace","robots":{"index":"index","follow":"follow","max-snippet":"max-snippet:-1","max-image-preview":"max-image-preview:large","max-video-preview":"max-video-preview:-1"},"canonical":"https:\/\/dogspace.lu\/fr\/que-signifie-dogspace\/","og_locale":"fr_FR","og_type":"article","og_title":"Que signifie Dogspace? - Dogspace","og_description":"Le nom est apparu parce que je cherchais un espace qui conviendrait le mieux \u00e0 ma future profession. &nbsp; Pourquoi ce m\u00e9tier ? Pourtant, les animaux me fascinent depuis l'enfance et d\u00e8s 2019, il \u00e9tait clair que je voulais changer d'orientation professionnelle et j'ai plong\u00e9 dans [&hellip;]","og_url":"https:\/\/dogspace.lu\/fr\/que-signifie-dogspace\/","og_site_name":"Dogspace","article_publisher":"https:\/\/www.facebook.com\/DogSpaceLux\/","article_modified_time":"2022-12-14T17:14:28+00:00","twitter_card":"summary_large_image","twitter_misc":{"Dur\u00e9e de lecture estim\u00e9e":"3 minutes"},"schema":{"@context":"https:\/\/schema.org","@graph":[{"@type":"WebPage","@id":"https:\/\/dogspace.lu\/fr\/que-signifie-dogspace\/","url":"https:\/\/dogspace.lu\/fr\/que-signifie-dogspace\/","name":"Que signifie Dogspace? - Dogspace","isPartOf":{"@id":"https:\/\/dogspace.lu\/#website"},"datePublished":"2022-07-26T14:52:55+00:00","dateModified":"2022-12-14T17:14:28+00:00","breadcrumb":{"@id":"https:\/\/dogspace.lu\/fr\/que-signifie-dogspace\/#breadcrumb"},"inLanguage":"fr-FR","potentialAction":[{"@type":"ReadAction","target":["https:\/\/dogspace.lu\/fr\/que-signifie-dogspace\/"]}]},{"@type":"BreadcrumbList","@id":"https:\/\/dogspace.lu\/fr\/que-signifie-dogspace\/#breadcrumb","itemListElement":[{"@type":"ListItem","position":1,"name":"Home","item":"https:\/\/dogspace.lu\/fr\/"},{"@type":"ListItem","position":2,"name":"Que signifie Dogspace?"}]},{"@type":"WebSite","@id":"https:\/\/dogspace.lu\/#website","url":"https:\/\/dogspace.lu\/","name":"Dogspace","description":"Muppecoiffer - Salon de toilettage","publisher":{"@id":"https:\/\/dogspace.lu\/#organization"},"potentialAction":[{"@type":"SearchAction","target":{"@type":"EntryPoint","urlTemplate":"https:\/\/dogspace.lu\/?s={search_term_string}"},"query-input":"required name=search_term_string"}],"inLanguage":"fr-FR"},{"@type":"Organization","@id":"https:\/\/dogspace.lu\/#organization","name":"Dogspace","url":"https:\/\/dogspace.lu\/","logo":{"@type":"ImageObject","inLanguage":"fr-FR","@id":"https:\/\/dogspace.lu\/#\/schema\/logo\/image\/","url":"https:\/\/dogspace.lu\/wp-content\/uploads\/2022\/07\/dogspace-logo-scaled.jpg","contentUrl":"https:\/\/dogspace.lu\/wp-content\/uploads\/2022\/07\/dogspace-logo-scaled.jpg","width":2560,"height":1739,"caption":"Dogspace"},"image":{"@id":"https:\/\/dogspace.lu\/#\/schema\/logo\/image\/"},"sameAs":["https:\/\/www.instagram.com\/dogspacelux\/","https:\/\/www.facebook.com\/DogSpaceLux\/"]}]}},"_links":{"self":[{"href":"https:\/\/dogspace.lu\/fr\/wp-json\/wp\/v2\/pages\/829","targetHints":{"allow":["GET"]}}],"collection":[{"href":"https:\/\/dogspace.lu\/fr\/wp-json\/wp\/v2\/pages"}],"about":[{"href":"https:\/\/dogspace.lu\/fr\/wp-json\/wp\/v2\/types\/page"}],"author":[{"embeddable":true,"href":"https:\/\/dogspace.lu\/fr\/wp-json\/wp\/v2\/users\/1"}],"replies":[{"embeddable":true,"href":"https:\/\/dogspace.lu\/fr\/wp-json\/wp\/v2\/comments?post=829"}],"version-history":[{"count":8,"href":"https:\/\/dogspace.lu\/fr\/wp-json\/wp\/v2\/pages\/829\/revisions"}],"predecessor-version":[{"id":837,"href":"https:\/\/dogspace.lu\/fr\/wp-json\/wp\/v2\/pages\/829\/revisions\/837"}],"wp:attachment":[{"href":"https:\/\/dogspace.lu\/fr\/wp-json\/wp\/v2\/media?parent=829"}],"curies":[{"name":"wp","href":"https:\/\/api.w.org\/{rel}","templated":true}]}}